{"id":72,"date":"2007-04-06T16:10:47","date_gmt":"2007-04-06T15:10:47","guid":{"rendered":"http:\/\/blog.esperantilo.org\/?page_id=72"},"modified":"2010-07-05T20:07:29","modified_gmt":"2010-07-05T19:07:29","slug":"pri-mi","status":"publish","type":"page","link":"http:\/\/blog.esperantilo.org\/?page_id=72","title":{"rendered":"pri mi"},"content":{"rendered":"<p>Mia nomo estas Artur Trzewik.<br \/>\nMi naski\u011dis en 1973 en urbo Rybnik, kiu trovi\u011das en Silezio, regiono de Polando. Kiam mi havis 17 jarojn, mi transloki\u011dis kun miaj gepatroj al Germanio. Nun mi lo\u011das en D\u00fcsseldorf. Mi studis informatikon kaj ekonomion en urbo Essen. Nun mi laboras profesie kiel programisto. Mi edzi\u011dis.<br \/>\nEsperanton mi ekkonis anta\u016d kelkaj jaroj de mia kolego el laborejo. Mi partoprenis du kursojn de Esperanto en la loka grupo de Esperanto de urbo Essen. Mi estas a\u016dskultanto de pola radio en esperanta lingvo. Mi ne estas membro de iu esperanta asocio. Mi delonge havis kontaktojn kun kelkaj lingvoj kaj ofte devas uzi kelkajn lingvojn dum unu tago. Plej bone mi konas polan kaj germanan lingvojn. Mi povas skribi kaj legi la anglan lingvon. Mi bone komprenas la rusan lingvon, \u0109ar mi havas kaj havis kontaktojn kun rusoj. Mi ne estas tre sperta pri lingvoj kaj kutime mi ofte eraras en \u0109iu lingvo.<br \/>\nMiaj hobioj estas libera programado, legado kaj historio. De kelkaj jaroj mi interesi\u011das hobie pri komputila lingvistiko kaj Esperanto.<\/p>\n","protected":false},"excerpt":{"rendered":"<p>Mia nomo estas Artur Trzewik. Mi naski\u011dis en 1973 en urbo Rybnik, kiu trovi\u011das en Silezio, regiono de Polando. Kiam mi havis 17 jarojn, mi transloki\u011dis kun miaj gepatroj al Germanio. Nun mi lo\u011das en D\u00fcsseldorf. Mi studis informatikon kaj ekonomion en urbo Essen. Nun mi laboras profesie kiel programisto. Mi edzi\u011dis. Esperanton mi ekkonis [&hellip;]<\/p>\n","protected":false},"author":1,"featured_media":0,"parent":0,"menu_order":0,"comment_status":"open","ping_status":"open","template":"","meta":{"footnotes":""},"class_list":["post-72","page","type-page","status-publish","hentry"],"_links":{"self":[{"href":"http:\/\/blog.esperantilo.org\/index.php?rest_route=\/wp\/v2\/pages\/72","targetHints":{"allow":["GET"]}}],"collection":[{"href":"http:\/\/blog.esperantilo.org\/index.php?rest_route=\/wp\/v2\/pages"}],"about":[{"href":"http:\/\/blog.esperantilo.org\/index.php?rest_route=\/wp\/v2\/types\/page"}],"author":[{"embeddable":true,"href":"http:\/\/blog.esperantilo.org\/index.php?rest_route=\/wp\/v2\/users\/1"}],"replies":[{"embeddable":true,"href":"http:\/\/blog.esperantilo.org\/index.php?rest_route=%2Fwp%2Fv2%2Fcomments&post=72"}],"version-history":[{"count":0,"href":"http:\/\/blog.esperantilo.org\/index.php?rest_route=\/wp\/v2\/pages\/72\/revisions"}],"wp:attachment":[{"href":"http:\/\/blog.esperantilo.org\/index.php?rest_route=%2Fwp%2Fv2%2Fmedia&parent=72"}],"curies":[{"name":"wp","href":"https:\/\/api.w.org\/{rel}","templated":true}]}}